{"id":32331,"date":"2022-03-28T14:43:30","date_gmt":"2022-03-28T14:43:30","guid":{"rendered":"https:\/\/mis-uszatek.pl\/?page_id=32331"},"modified":"2025-03-04T11:20:48","modified_gmt":"2025-03-04T11:20:48","slug":"dostepnosc","status":"publish","type":"page","link":"https:\/\/mis-uszatek.pl\/?page_id=32331","title":{"rendered":"DOST\u0118PNO\u015a\u0106"},"content":{"rendered":"<p><img loading=\"lazy\" class=\"size-full wp-image-4104 alignleft\" src=\"https:\/\/mis-uszatek.pl\/wp-content\/uploads\/2017\/12\/logo.png\" alt=\"\" width=\"84\" height=\"73\" \/><\/p>\n<p>Deklaracja dost\u0119pno\u015bci&#8230;<a href=\"https:\/\/mis-uszatek.pl\/wp-content\/uploads\/2025\/03\/deklaracja-dostepnosci.pdf\">do pobrania<\/a><\/p>\n<p><img loading=\"lazy\" class=\"size-full wp-image-4104 alignleft\" src=\"https:\/\/mis-uszatek.pl\/wp-content\/uploads\/2017\/12\/logo.png\" alt=\"\" width=\"84\" height=\"73\" \/><\/p>\n<p>Raport o stanie zapewnienia dost\u0119pno\u015bci podmiotu publicznego\u2026<a href=\"https:\/\/mis-uszatek.pl\/wp-content\/uploads\/2025\/02\/raport-o-stanie-zapewnienia-dostepnosci-podmiotu-publicznego.pdf\">do pobrania<\/a><\/p>\n","protected":false},"excerpt":{"rendered":"<p>Deklaracja dost\u0119pno\u015bci&#8230;do pobrania Raport o stanie zapewnienia dost\u0119pno\u015bci podmiotu publicznego\u2026do pobrania [&#8230;]<\/p>\n<h2 class=\"amatic\"><a class=\"btn btn-default understrap-read-more-link\" href=\"https:\/\/mis-uszatek.pl\/?page_id=32331\">Wi\u0119cej&#8230;<\/a><\/h2>\n","protected":false},"author":1,"featured_media":0,"parent":0,"menu_order":0,"comment_status":"closed","ping_status":"closed","template":"","meta":[],"_links":{"self":[{"href":"https:\/\/mis-uszatek.pl\/index.php?rest_route=\/wp\/v2\/pages\/32331"}],"collection":[{"href":"https:\/\/mis-uszatek.pl\/index.php?rest_route=\/wp\/v2\/pages"}],"about":[{"href":"https:\/\/mis-uszatek.pl\/index.php?rest_route=\/wp\/v2\/types\/page"}],"author":[{"embeddable":true,"href":"https:\/\/mis-uszatek.pl\/index.php?rest_route=\/wp\/v2\/users\/1"}],"replies":[{"embeddable":true,"href":"https:\/\/mis-uszatek.pl\/index.php?rest_route=%2Fwp%2Fv2%2Fcomments&post=32331"}],"version-history":[{"count":9,"href":"https:\/\/mis-uszatek.pl\/index.php?rest_route=\/wp\/v2\/pages\/32331\/revisions"}],"predecessor-version":[{"id":39948,"href":"https:\/\/mis-uszatek.pl\/index.php?rest_route=\/wp\/v2\/pages\/32331\/revisions\/39948"}],"wp:attachment":[{"href":"https:\/\/mis-uszatek.pl\/index.php?rest_route=%2Fwp%2Fv2%2Fmedia&parent=32331"}],"curies":[{"name":"wp","href":"https:\/\/api.w.org\/{rel}","templated":true}]}}